{"id":70,"date":"2015-03-08T18:57:22","date_gmt":"2015-03-08T18:57:22","guid":{"rendered":"http:\/\/inoxsteel-lamiere.it\/?page_id=70"},"modified":"2017-12-29T15:38:15","modified_gmt":"2017-12-29T15:38:15","slug":"alluminio","status":"publish","type":"page","link":"https:\/\/inoxsteel-lamiere.it\/index.php\/alluminio\/","title":{"rendered":"Alluminio"},"content":{"rendered":"<div class=\"fusion-fullwidth fullwidth-box fusion-builder-row-1 fusion-flex-container hundred-percent-fullwidth non-hundred-percent-height-scrolling\" style=\"--awb-border-radius-top-left:0px;--awb-border-radius-top-right:0px;--awb-border-radius-bottom-right:0px;--awb-border-radius-bottom-left:0px;--awb-overflow:visible;--awb-flex-wrap:wrap;\" ><div class=\"fusion-builder-row fusion-row fusion-flex-align-items-flex-start fusion-flex-content-wrap\" style=\"width:calc( 100% + 0px ) !important;max-width:calc( 100% + 0px ) !important;margin-left: calc(-0px \/ 2 );margin-right: calc(-0px \/ 2 );\"><div class=\"fusion-layout-column fusion_builder_column fusion-builder-column-0 fusion_builder_column_1_1 1_1 fusion-flex-column fusion-flex-align-self-flex-start fusion-column-no-min-height\" style=\"--awb-bg-size:cover;--awb-width-large:100%;--awb-margin-top-large:0px;--awb-spacing-right-large:0px;--awb-margin-bottom-large:0px;--awb-spacing-left-large:0px;--awb-width-medium:100%;--awb-spacing-right-medium:0px;--awb-spacing-left-medium:0px;--awb-width-small:100%;--awb-spacing-right-small:0px;--awb-spacing-left-small:0px;\"><div class=\"fusion-column-wrapper fusion-flex-justify-content-flex-start fusion-content-layout-column\"><div class=\"fusion-title title fusion-title-1 fusion-title-text fusion-title-size-one\"><div class=\"title-sep-container title-sep-container-left fusion-no-large-visibility fusion-no-medium-visibility fusion-no-small-visibility\"><div class=\"title-sep sep-single sep-solid\" style=\"border-color:#e0dede;\"><\/div><\/div><span class=\"awb-title-spacer fusion-no-large-visibility fusion-no-medium-visibility fusion-no-small-visibility\"><\/span><h1 class=\"fusion-title-heading title-heading-left\" style=\"margin:0;\">ALLUMINIO<\/h1><span class=\"awb-title-spacer\"><\/span><div class=\"title-sep-container title-sep-container-right\"><div class=\"title-sep sep-single sep-solid\" style=\"border-color:#e0dede;\"><\/div><\/div><\/div><div class=\"fusion-separator fusion-full-width-sep\" style=\"align-self: center;margin-left: auto;margin-right: auto;margin-top:-15px;width:100%;\"><\/div><div class=\"fusion-text fusion-text-1\"><div class=\"fusion-table table-1\">\n<table style=\"width: 730px;\" border=\"0\" align=\"center\">\n<tbody>\n<tr style=\"text-align: left;\">\n<td><span style=\"color: #ea0000;\"><em><strong>Specifiche tecniche<\/strong><\/em><\/span><\/td>\n<\/tr>\n<tr>\n<td>\n<p style=\"text-align: justify;\">L&#8217;alluminio \u00e8 un metallo leggero che viene ricavato dalla Bauxite. E\u2019 resistente, ed ha un aspetto grigio argento a causa del leggero strato di ossidazione che si forma a contatto con l\u2019 aria e che gli permette di prevenire la corrosione . Ha un peso specifico di circa un terzo dell&#8217; acciaio, \u00e8 malleabile, duttile , non e\u2019 magnetico e si lavora facilmente. Per migliorare le caratteristiche meccaniche si aggiungono all&#8217;alluminio vari elementi tra i quali il Manganese, il Magnesio , il Silicio, il Rame e lo Zinco.<\/p>\n<\/td>\n<\/tr>\n<\/tbody>\n<\/table>\n<\/div>\n<\/div><div class=\"fusion-separator fusion-full-width-sep\" style=\"align-self: center;margin-left: auto;margin-right: auto;margin-top:15px;margin-bottom:15px;width:100%;\"><\/div><div class=\"fusion-text fusion-text-2\"><div class=\"table-2\">\n<table>\n<tbody>\n<tr>\n<td width=\"250\"><span style=\"color: #ea0000;\"><em><strong>Tipologie<\/strong><\/em><\/span><\/td>\n<td><\/td>\n<\/tr>\n<tr>\n<td width=\"250\"><strong>SERIE 1000<\/strong><\/p>\n<p><em>(Lega 1050)<\/em><\/td>\n<td>\n<div align=\"justify\">Le leghe di questa serie sono caratterizzate da eccellente resistenza alla corrosione, buona lavorabilit\u00e0, caratteristiche meccaniche piuttosto basse. Il principale elemento in lega \u00e8 il Manganese che gli permette di aumentare la resistenza meccanica e di ridurre la sensibilit\u00e0 alla corrosione intergranulare.<\/div>\n<\/td>\n<\/tr>\n<tr>\n<td width=\"250\"><strong>SERIE 3000 <\/strong><\/p>\n<p><em>(Lega 3105)<\/em><\/td>\n<td>\n<div align=\"justify\">Anche in questa lega il principale elemento \u00e8 il Manganese che gli permette di aumentare la resistenza meccanica e di ridurre la sensibilit\u00e0 alla corrosione intergranulare.<\/div>\n<\/td>\n<\/tr>\n<tr>\n<td width=\"250\"><strong>SERIE 5000<\/strong><\/p>\n<p><em>(Lega 5005 &#8211; Lega 5754) <\/em><\/td>\n<td>\n<div align=\"justify\"><em>(Nome commerciale Peralluman) <\/em>Il principale elemento di lega \u00e8 il Magnesio, che conferisce doti particolari di resistenza alla corrosione, oltre a buona resistenza a caldo ed ottime doti di duttilit\u00e0 e lavorabilit\u00e0. Il Magnesio fornisce inoltre una buona saldabilit\u00e0.<\/div>\n<\/td>\n<\/tr>\n<\/tbody>\n<\/table>\n<\/div>\n<\/div><div class=\"fusion-separator fusion-full-width-sep\" style=\"align-self: center;margin-left: auto;margin-right: auto;margin-top:15px;margin-bottom:15px;width:100%;\"><\/div><div class=\"fusion-text fusion-text-3\"><table style=\"width: 730px; border: 1px solid #d6d6d6;\" border=\"1\" cellspacing=\"0\" cellpadding=\"2\">\n<tbody>\n<tr align=\"center\" bgcolor=\"#CCCCCC\">\n<td colspan=\"13\">\n<h3><strong>ANALISI CHIMICA DELLE LEGHE DI ALLUMINIO (Secondo EN 573-3)<\/strong><\/h3>\n<\/td>\n<\/tr>\n<tr align=\"center\">\n<td colspan=\"2\" rowspan=\"2\">\n<h4><strong>\u00a0LEGHE<\/strong><\/h4>\n<\/td>\n<td rowspan=\"2\">\n<h4><strong>Si<\/strong><\/h4>\n<\/td>\n<td rowspan=\"2\">\n<h4><strong>Fe<\/strong><\/h4>\n<\/td>\n<td rowspan=\"2\">\n<h4><strong>Mn<\/strong><\/h4>\n<\/td>\n<td rowspan=\"2\">\n<h4><strong>Mg<\/strong><\/h4>\n<\/td>\n<td rowspan=\"2\">\n<h4><strong>Cu<\/strong><\/h4>\n<\/td>\n<td rowspan=\"2\">\n<h4><strong>Zn<\/strong><\/h4>\n<\/td>\n<td rowspan=\"2\">\n<h4><strong>Cr<\/strong><\/h4>\n<\/td>\n<td rowspan=\"2\">\n<h4><strong>Ti<\/strong><\/h4>\n<\/td>\n<td colspan=\"2\">\n<h4><strong>Impurit\u00e0<\/strong><\/h4>\n<\/td>\n<td rowspan=\"2\">\n<h4><strong>All.<\/strong><\/h4>\n<h4>Min.<\/h4>\n<\/td>\n<\/tr>\n<tr>\n<td>\n<h4 style=\"text-align: center;\">Ciasc<\/h4>\n<\/td>\n<td>\n<h4 style=\"text-align: center;\">Tot<\/h4>\n<\/td>\n<\/tr>\n<tr align=\"center\" valign=\"middle\">\n<td colspan=\"2\"><strong>1050A<\/strong><\/td>\n<td>0,25<\/td>\n<td>\n<div>0,4<\/div>\n<\/td>\n<td>\n<div>0,05<\/div>\n<\/td>\n<td>\n<div>0,05<\/div>\n<\/td>\n<td>\n<div>0,05<\/div>\n<\/td>\n<td>\n<div>0,07<\/div>\n<\/td>\n<td>0,05\u20130,25<\/td>\n<td>0,05<\/td>\n<td>\n<div>0,03<\/div>\n<\/td>\n<td><\/td>\n<td>\n<div>99.5<\/div>\n<\/td>\n<\/tr>\n<tr align=\"center\" valign=\"middle\">\n<td colspan=\"2\"><strong>3105<\/strong><\/td>\n<td>0,6<\/td>\n<td>0,7<\/td>\n<td>0,3-0,8<\/td>\n<td>0,2-0,8<\/td>\n<td>0,3<\/td>\n<td>0,4<\/td>\n<td>0,2<\/td>\n<td>0,1<\/td>\n<td>0,05<\/td>\n<td>0,15<\/td>\n<td><\/td>\n<\/tr>\n<tr align=\"center\" valign=\"middle\">\n<td colspan=\"2\"><strong>5005<\/strong><\/td>\n<td>0,3<\/td>\n<td>0,7<\/td>\n<td>0,2<\/td>\n<td>0,5-1,1<\/td>\n<td>0,2<\/td>\n<td>0,25<\/td>\n<td>0,1<\/td>\n<td><\/td>\n<td>0,05<\/td>\n<td>0,15<\/td>\n<td><\/td>\n<\/tr>\n<tr align=\"center\" valign=\"middle\">\n<td colspan=\"2\" height=\"25\"><strong>5754<\/strong><\/td>\n<td>0,4<\/td>\n<td>0,4<\/td>\n<td>0,5<\/td>\n<td>2,6-3,6<\/td>\n<td>0,1<\/td>\n<td>0,2<\/td>\n<td>0,3<\/td>\n<td>0,15<\/td>\n<td>0.05<\/td>\n<td>0.15<\/td>\n<td><\/td>\n<\/tr>\n<\/tbody>\n<\/table>\n<\/div><div class=\"fusion-separator fusion-full-width-sep\" style=\"align-self: center;margin-left: auto;margin-right: auto;margin-top:15px;margin-bottom:15px;width:100%;\"><\/div><div class=\"fusion-text fusion-text-4\"><table style=\"width: 730px; border: 1px solid #d6d6d6;\" border=\"1\" cellspacing=\"0\" cellpadding=\"2\" align=\"center\">\n<tbody>\n<tr bgcolor=\"#CCCCCC\">\n<td colspan=\"10\">\n<h3 align=\"center\"><strong>CARATTERISTICHE MECCANICHE DELLE LEGHE DI ALLUMINIO (Secondo EN 485)<\/strong><\/h3>\n<\/td>\n<\/tr>\n<tr>\n<td>\n<h4 align=\"center\"><strong>\u00a0Lega<\/strong><\/h4>\n<\/td>\n<td>\n<h4 align=\"center\"><strong>Stato<\/strong><\/h4>\n<\/td>\n<td>\n<h4 align=\"center\"><strong>Resistenza<br \/>\ntrazione<\/strong><\/h4>\n<h4 style=\"text-align: center;\">MPa (Min)<\/h4>\n<\/td>\n<td>\n<h4 align=\"center\"><strong>Carico<br \/>\nsnervamento<\/strong><\/h4>\n<h4 style=\"text-align: center;\">MPa<\/h4>\n<\/td>\n<td>\n<h4 align=\"center\"><strong>Allungamento<\/strong><\/h4>\n<h4 style=\"text-align: center;\">A %<\/h4>\n<\/td>\n<td>\n<h4 align=\"center\"><strong>Durezza Tipica<\/strong><\/h4>\n<h4 style=\"text-align: center;\">HBW<\/h4>\n<\/td>\n<\/tr>\n<tr bgcolor=\"#F4F4F4\">\n<td rowspan=\"3\">\n<p align=\"center\"><strong>1050A<\/strong><\/p>\n<\/td>\n<td>\n<div align=\"center\">0<\/div>\n<\/td>\n<td>\n<div align=\"center\">80<\/div>\n<\/td>\n<td>\n<div align=\"center\">35<\/div>\n<\/td>\n<td>\n<div align=\"center\">38<\/div>\n<\/td>\n<td>\n<div align=\"center\">21<\/div>\n<\/td>\n<\/tr>\n<tr>\n<td bgcolor=\"#F4F4F4\">\n<div align=\"center\">H18<\/div>\n<\/td>\n<td bgcolor=\"#F4F4F4\">\n<div align=\"center\">155<\/div>\n<\/td>\n<td bgcolor=\"#F4F4F4\">\n<div align=\"center\">140<\/div>\n<\/td>\n<td bgcolor=\"#F4F4F4\">\n<div align=\"center\">6<\/div>\n<\/td>\n<td bgcolor=\"#F4F4F4\">\n<div align=\"center\">40<\/div>\n<\/td>\n<\/tr>\n<tr>\n<td bgcolor=\"#F4F4F4\">\n<div align=\"center\">H24<\/div>\n<\/td>\n<td bgcolor=\"#F4F4F4\">\n<div align=\"center\">110<\/div>\n<\/td>\n<td bgcolor=\"#F4F4F4\">\n<div align=\"center\">95<\/div>\n<\/td>\n<td bgcolor=\"#F4F4F4\">\n<div align=\"center\">13<\/div>\n<\/td>\n<td bgcolor=\"#F4F4F4\">\n<div align=\"center\">31<\/div>\n<\/td>\n<\/tr>\n<tr>\n<td rowspan=\"3\">\n<p align=\"center\"><strong>3105<\/strong><\/p>\n<\/td>\n<td>\n<div align=\"center\">0<\/div>\n<\/td>\n<td>\n<div align=\"center\">115<\/div>\n<\/td>\n<td>\n<div align=\"center\">55<\/div>\n<\/td>\n<td>\n<div align=\"center\">24<\/div>\n<\/td>\n<td>\n<div align=\"center\">&#8211;<\/div>\n<\/td>\n<\/tr>\n<tr>\n<td>\n<div align=\"center\">H18<\/div>\n<\/td>\n<td>\n<div align=\"center\">215<\/div>\n<\/td>\n<td>\n<div align=\"center\">195<\/div>\n<\/td>\n<td>\n<div align=\"center\">3<\/div>\n<\/td>\n<td>\n<div align=\"center\">&#8211;<\/div>\n<\/td>\n<\/tr>\n<tr>\n<td>\n<div align=\"center\">H24<\/div>\n<\/td>\n<td>\n<div align=\"center\">170<\/div>\n<\/td>\n<td>\n<div align=\"center\">150<\/div>\n<\/td>\n<td>\n<div align=\"center\">5<\/div>\n<\/td>\n<td>\n<div align=\"center\">&#8211;<\/div>\n<\/td>\n<\/tr>\n<tr bgcolor=\"#F4F4F4\">\n<td rowspan=\"3\">\n<p align=\"center\"><strong>5005<\/strong><\/p>\n<\/td>\n<td>\n<div align=\"center\">0<\/div>\n<\/td>\n<td>\n<div align=\"center\">125<\/div>\n<\/td>\n<td>\n<div align=\"center\">40<\/div>\n<\/td>\n<td>\n<div align=\"center\">27<\/div>\n<\/td>\n<td>\n<div align=\"center\">60<\/div>\n<\/td>\n<\/tr>\n<tr>\n<td bgcolor=\"#F4F4F4\">\n<div align=\"center\">H18<\/div>\n<\/td>\n<td bgcolor=\"#F4F4F4\">\n<div align=\"center\">160<\/div>\n<\/td>\n<td bgcolor=\"#F4F4F4\">\n<div align=\"center\">135<\/div>\n<\/td>\n<td bgcolor=\"#F4F4F4\">\n<div align=\"center\">9<\/div>\n<\/td>\n<td bgcolor=\"#F4F4F4\">\n<div align=\"center\">45<\/div>\n<\/td>\n<\/tr>\n<tr>\n<td bgcolor=\"#F4F4F4\">\n<div align=\"center\">H24<\/div>\n<\/td>\n<td bgcolor=\"#F4F4F4\">\n<div align=\"center\">200<\/div>\n<\/td>\n<td bgcolor=\"#F4F4F4\">\n<div align=\"center\">190<\/div>\n<\/td>\n<td bgcolor=\"#F4F4F4\">\n<div align=\"center\">5<\/div>\n<\/td>\n<td bgcolor=\"#F4F4F4\">\n<div align=\"center\">51<\/div>\n<\/td>\n<\/tr>\n<tr>\n<td rowspan=\"4\">\n<p align=\"center\"><strong>5754<\/strong><\/p>\n<\/td>\n<td>\n<div align=\"center\">0<\/div>\n<\/td>\n<td>\n<div align=\"center\">205<\/div>\n<\/td>\n<td>\n<div align=\"center\">100<\/div>\n<\/td>\n<td>\n<div align=\"center\">20<\/div>\n<\/td>\n<td>\n<div align=\"center\">50<\/div>\n<\/td>\n<\/tr>\n<tr>\n<td>\n<div align=\"center\">H32<\/div>\n<\/td>\n<td>\n<div align=\"center\">235<\/div>\n<\/td>\n<td>\n<div align=\"center\">155<\/div>\n<\/td>\n<td>\n<div align=\"center\">14<\/div>\n<\/td>\n<td>\n<div align=\"center\">65<\/div>\n<\/td>\n<\/tr>\n<tr>\n<td>\n<div align=\"center\">H34<\/div>\n<\/td>\n<td>\n<div align=\"center\">260<\/div>\n<\/td>\n<td>\n<div align=\"center\">195<\/div>\n<\/td>\n<td>\n<div align=\"center\">8<\/div>\n<\/td>\n<td>\n<div align=\"center\">75<\/div>\n<\/td>\n<\/tr>\n<tr>\n<td>\n<div align=\"center\">H38<\/div>\n<\/td>\n<td>\n<div align=\"center\">280<\/div>\n<\/td>\n<td>\n<div align=\"center\">250<\/div>\n<\/td>\n<td>\n<div align=\"center\">3<\/div>\n<\/td>\n<td>\n<div align=\"center\">85<\/div>\n<\/td>\n<\/tr>\n<\/tbody>\n<\/table>\n<\/div><div class=\"fusion-separator fusion-full-width-sep\" style=\"align-self: center;margin-left: auto;margin-right: auto;margin-top:15px;margin-bottom:15px;width:100%;\"><\/div><div class=\"fusion-text fusion-text-5\"><table style=\"width: 730px; border: 1px solid #d6d6d6;\" border=\"1\" cellspacing=\"0\" cellpadding=\"2\" align=\"center\">\n<tbody>\n<tr bgcolor=\"#CCCCCC\">\n<td colspan=\"6\">\n<h3 align=\"center\"><strong>STATI METALLURGICI DEI SEMILAVORATI DI ALLLUMINIO (Secondo EN 515)<\/strong><\/h3>\n<\/td>\n<\/tr>\n<tr>\n<td>\n<h4 align=\"center\"><strong>\u00a0Stato\u00a0finitura<br \/>\n<\/strong><\/h4>\n<\/td>\n<td>\n<h4 align=\"center\"><strong>Descrizione<\/strong><\/h4>\n<\/td>\n<\/tr>\n<tr>\n<td>\n<div align=\"center\"><strong>O<\/strong><\/div>\n<\/td>\n<td>Ricottura completa<\/td>\n<\/tr>\n<tr>\n<td>\n<div align=\"center\"><strong>F<\/strong><\/div>\n<\/td>\n<td>Grezzo di lavorazione solubilizzato<\/td>\n<\/tr>\n<tr>\n<td>\n<div align=\"center\"><strong>W<\/strong><\/div>\n<\/td>\n<td>Solubilizzato<\/td>\n<\/tr>\n<tr>\n<td>\n<div align=\"center\"><strong>H12<\/strong><\/div>\n<\/td>\n<td>\u00bc crudo per incrudimento<\/td>\n<\/tr>\n<tr>\n<td>\n<div align=\"center\"><strong>H14<\/strong><\/div>\n<\/td>\n<td>\u00bd crudo per incrudimento<\/td>\n<\/tr>\n<tr>\n<td>\n<div align=\"center\"><strong>H16<\/strong><\/div>\n<\/td>\n<td>\u00be crudo per incrudimento<\/td>\n<\/tr>\n<tr>\n<td>\n<div align=\"center\"><strong>H18<\/strong><\/div>\n<\/td>\n<td>4\/4 Crudo per incrudimento<\/td>\n<\/tr>\n<tr>\n<td>\n<div align=\"center\"><strong>H19<\/strong><\/div>\n<\/td>\n<td>Extracrudo<\/td>\n<\/tr>\n<tr>\n<td>\n<div align=\"center\"><strong>H22<\/strong><\/div>\n<\/td>\n<td>\u00bc crudo ottenuto per ricottura parziale finale<\/td>\n<\/tr>\n<tr>\n<td>\n<div align=\"center\"><strong>H24<\/strong><\/div>\n<\/td>\n<td>\u00bd crudo ottenuto per ricottura parziale finale<\/td>\n<\/tr>\n<tr>\n<td>\n<div align=\"center\"><strong>H26<\/strong><\/div>\n<\/td>\n<td>\u00be crudo ottenuto per ricottura parziale finale<\/td>\n<\/tr>\n<tr>\n<td>\n<div align=\"center\"><strong>H28<\/strong><\/div>\n<\/td>\n<td>4\/4 Crudo con ricottura intermedia + distensione<\/td>\n<\/tr>\n<tr>\n<td>\n<div align=\"center\"><strong>H32<\/strong><\/div>\n<\/td>\n<td>\u00bc crudo e stabilizzato<\/td>\n<\/tr>\n<tr>\n<td>\n<div align=\"center\"><strong>H34<\/strong><\/div>\n<\/td>\n<td>\u00bd crudo e stabilizzato<\/td>\n<\/tr>\n<tr>\n<td>\n<div align=\"center\"><strong>H36<\/strong><\/div>\n<\/td>\n<td>\u00be crudo e stabilizzato<\/td>\n<\/tr>\n<tr>\n<td>\n<div align=\"center\"><strong>H38<\/strong><\/div>\n<\/td>\n<td>4\/4 Crudo e stabilizzato<\/td>\n<\/tr>\n<tr>\n<td>\n<div align=\"center\"><strong>H111<\/strong><\/div>\n<\/td>\n<td>Ricotto e spianato<\/td>\n<\/tr>\n<tr>\n<td>\n<div align=\"center\"><strong>H112<\/strong><\/div>\n<\/td>\n<td>Ricotto e spianato con caratteristiche meccaniche tra stato 0 e h11<\/td>\n<\/tr>\n<\/tbody>\n<\/table>\n<\/div><\/div><\/div><\/div><\/div>\n","protected":false},"excerpt":{"rendered":"","protected":false},"author":2,"featured_media":0,"parent":0,"menu_order":40,"comment_status":"closed","ping_status":"closed","template":"","meta":{"footnotes":""},"class_list":["post-70","page","type-page","status-publish","hentry"],"_links":{"self":[{"href":"https:\/\/inoxsteel-lamiere.it\/index.php\/wp-json\/wp\/v2\/pages\/70","targetHints":{"allow":["GET"]}}],"collection":[{"href":"https:\/\/inoxsteel-lamiere.it\/index.php\/wp-json\/wp\/v2\/pages"}],"about":[{"href":"https:\/\/inoxsteel-lamiere.it\/index.php\/wp-json\/wp\/v2\/types\/page"}],"author":[{"embeddable":true,"href":"https:\/\/inoxsteel-lamiere.it\/index.php\/wp-json\/wp\/v2\/users\/2"}],"replies":[{"embeddable":true,"href":"https:\/\/inoxsteel-lamiere.it\/index.php\/wp-json\/wp\/v2\/comments?post=70"}],"version-history":[{"count":0,"href":"https:\/\/inoxsteel-lamiere.it\/index.php\/wp-json\/wp\/v2\/pages\/70\/revisions"}],"wp:attachment":[{"href":"https:\/\/inoxsteel-lamiere.it\/index.php\/wp-json\/wp\/v2\/media?parent=70"}],"curies":[{"name":"wp","href":"https:\/\/api.w.org\/{rel}","templated":true}]}}